{"id":385,"date":"2021-04-09T09:42:16","date_gmt":"2021-04-09T09:42:16","guid":{"rendered":"https:\/\/www.ablazewicz.pl\/?page_id=385"},"modified":"2021-04-27T21:26:10","modified_gmt":"2021-04-27T21:26:10","slug":"prawo-medyczne","status":"publish","type":"page","link":"https:\/\/www.ablazewicz.pl\/index.php\/specjalizacje\/prawo-medyczne\/","title":{"rendered":"prawo medyczne"},"content":{"rendered":"\t\t<div data-elementor-type=\"wp-page\" data-elementor-id=\"385\" class=\"elementor elementor-385\">\n\t\t\t\t\t\t\t\t\t<section class=\"has_ma_el_bg_slider elementor-section elementor-top-section elementor-element elementor-element-5c008e77 elementor-section-full_width elementor-section-height-default elementor-section-height-default jltma-glass-effect-no elementor-invisible\" data-id=\"5c008e77\" data-element_type=\"section\" data-settings=\"{&quot;animation&quot;:&quot;fadeInRight&quot;}\">\n\t\t\t\t\t\t<div class=\"elementor-container elementor-column-gap-default\">\n\t\t\t\t\t<div class=\"has_ma_el_bg_slider elementor-column elementor-col-66 elementor-top-column elementor-element elementor-element-51625362 jltma-glass-effect-no\" data-id=\"51625362\" data-element_type=\"column\">\n\t\t\t<div class=\"elementor-widget-wrap elementor-element-populated\">\n\t\t\t\t\t\t\t\t<div class=\"elementor-element elementor-element-a227562 elementor-hidden-tablet elementor-hidden-phone jltma-glass-effect-no elementor-widget elementor-widget-wp-widget-bcn_widget\" data-id=\"a227562\" data-element_type=\"widget\" data-widget_type=\"wp-widget-bcn_widget.default\">\n\t\t\t\t<div class=\"elementor-widget-container\">\n\t\t\t<div class=\"breadcrumbs\" vocab=\"https:\/\/schema.org\/\" typeof=\"BreadcrumbList\"><!-- Breadcrumb NavXT 7.2.0 -->\n<span property=\"itemListElement\" typeof=\"ListItem\"><a property=\"item\" typeof=\"WebPage\" title=\"Przejd\u017a do Kancelaria Ab\u0142a\u017cewicz.\" href=\"https:\/\/www.ablazewicz.pl\" class=\"home\" aria-current=\"page\"><span property=\"name\">Kancelaria Ab\u0142a\u017cewicz<\/span><\/a><meta property=\"position\" content=\"1\"><\/span><\/div>\t\t<\/div>\n\t\t\t\t<\/div>\n\t\t\t\t<div class=\"elementor-element elementor-element-cc4b335 elementor-hidden-desktop jltma-glass-effect-no elementor-widget elementor-widget-heading\" data-id=\"cc4b335\" data-element_type=\"widget\" data-widget_type=\"heading.default\">\n\t\t\t\t<div class=\"elementor-widget-container\">\n\t\t\t<h2 class=\"elementor-heading-title elementor-size-default\">prawo medyczne<\/h2>\t\t<\/div>\n\t\t\t\t<\/div>\n\t\t\t\t<div class=\"elementor-element elementor-element-d4d2101 elementor-hidden-tablet elementor-hidden-phone jltma-glass-effect-no elementor-widget elementor-widget-spacer\" data-id=\"d4d2101\" data-element_type=\"widget\" data-widget_type=\"spacer.default\">\n\t\t\t\t<div class=\"elementor-widget-container\">\n\t\t\t\t\t<div class=\"elementor-spacer\">\n\t\t\t<div class=\"elementor-spacer-inner\"><\/div>\n\t\t<\/div>\n\t\t\t\t<\/div>\n\t\t\t\t<\/div>\n\t\t\t\t<div class=\"elementor-element elementor-element-284cc191 elementor-hidden-tablet elementor-hidden-phone jltma-glass-effect-no elementor-widget elementor-widget-heading\" data-id=\"284cc191\" data-element_type=\"widget\" data-widget_type=\"heading.default\">\n\t\t\t\t<div class=\"elementor-widget-container\">\n\t\t\t<h2 class=\"elementor-heading-title elementor-size-default\">prawo medyczne<\/h2>\t\t<\/div>\n\t\t\t\t<\/div>\n\t\t\t\t\t<\/div>\n\t\t<\/div>\n\t\t\t\t<div class=\"has_ma_el_bg_slider elementor-column elementor-col-33 elementor-top-column elementor-element elementor-element-5d37f1a7 jltma-glass-effect-no\" data-id=\"5d37f1a7\" data-element_type=\"column\">\n\t\t\t<div class=\"elementor-widget-wrap elementor-element-populated\">\n\t\t\t\t\t\t\t\t<div class=\"elementor-element elementor-element-214f1a73 jltma-glass-effect-no elementor-widget elementor-widget-image\" data-id=\"214f1a73\" data-element_type=\"widget\" data-widget_type=\"image.default\">\n\t\t\t\t<div class=\"elementor-widget-container\">\n\t\t\t\t\t\t\t\t\t\t\t\t\t\t\t<img decoding=\"async\" loading=\"lazy\" width=\"731\" height=\"638\" src=\"https:\/\/www.ablazewicz.pl\/wp-content\/uploads\/2021\/04\/podstrona.jpg\" class=\"attachment-large size-large wp-image-275\" alt=\"\" srcset=\"https:\/\/www.ablazewicz.pl\/wp-content\/uploads\/2021\/04\/podstrona.jpg 731w, https:\/\/www.ablazewicz.pl\/wp-content\/uploads\/2021\/04\/podstrona-300x262.jpg 300w\" sizes=\"(max-width: 731px) 100vw, 731px\" \/>\t\t\t\t\t\t\t\t\t\t\t\t\t\t\t<\/div>\n\t\t\t\t<\/div>\n\t\t\t\t\t<\/div>\n\t\t<\/div>\n\t\t\t\t\t\t\t<\/div>\n\t\t<\/section>\n\t\t\t\t<section class=\"has_ma_el_bg_slider elementor-section elementor-top-section elementor-element elementor-element-7a99c17e elementor-section-boxed elementor-section-height-default elementor-section-height-default jltma-glass-effect-no elementor-invisible\" data-id=\"7a99c17e\" data-element_type=\"section\" data-settings=\"{&quot;animation&quot;:&quot;fadeInDown&quot;}\">\n\t\t\t\t\t\t<div class=\"elementor-container elementor-column-gap-default\">\n\t\t\t\t\t<div class=\"has_ma_el_bg_slider elementor-column elementor-col-100 elementor-top-column elementor-element elementor-element-4c29968e jltma-glass-effect-no\" data-id=\"4c29968e\" data-element_type=\"column\">\n\t\t\t<div class=\"elementor-widget-wrap elementor-element-populated\">\n\t\t\t\t\t\t\t\t<div class=\"elementor-element elementor-element-65e29af3 jltma-glass-effect-no elementor-widget elementor-widget-text-editor\" data-id=\"65e29af3\" data-element_type=\"widget\" data-widget_type=\"text-editor.default\">\n\t\t\t\t<div class=\"elementor-widget-container\">\n\t\t\t\t\t\t\t<h4>Kancelaria Ab\u0142a\u017cewicz &amp; Imieli\u0144ski oferuje popart\u0105 bogatym do\u015bwiadczeniem pomoc prawn\u0105 w zakresie prawa medycznego, w tym m.in.:<\/h4><ul><li>profesjonalna obs\u0142uga prawna podmiot\u00f3w wykonuj\u0105cych dzia\u0142alno\u015b\u0107 lecznicz\u0105;<\/li><li>reprezentacja w sprawach o odszkodowania za b\u0142\u0119dy medyczne;<\/li><li>reprezentacja w sprawach o zado\u015b\u0107uczynienie za naruszenie praw pacjenta;<\/li><li>reprezentacja w post\u0119powaniach dotycz\u0105cych odpowiedzialno\u015bci zawodowej lekarzy, lekarzy dentyst\u00f3w i lekarzy weterynarii;<\/li><li>reprezentacja w post\u0119powaniach dotycz\u0105cych odpowiedzialno\u015bci cywilnej lekarzy, lekarzy dentyst\u00f3w i lekarzy weterynarii;<\/li><li>reprezentacja w post\u0119powaniach dotycz\u0105cych odpowiedzialno\u015bci karnej lekarzy, lekarzy dentyst\u00f3w i lekarzy weterynarii;<\/li><\/ul>\t\t\t\t\t\t<\/div>\n\t\t\t\t<\/div>\n\t\t\t\t\t<\/div>\n\t\t<\/div>\n\t\t\t\t\t\t\t<\/div>\n\t\t<\/section>\n\t\t\t\t<section class=\"has_ma_el_bg_slider elementor-section elementor-top-section elementor-element elementor-element-31b56342 elementor-section-boxed elementor-section-height-default elementor-section-height-default jltma-glass-effect-no elementor-invisible\" data-id=\"31b56342\" data-element_type=\"section\" data-settings=\"{&quot;animation&quot;:&quot;fadeInLeft&quot;}\">\n\t\t\t\t\t\t<div class=\"elementor-container elementor-column-gap-default\">\n\t\t\t\t\t<div class=\"has_ma_el_bg_slider elementor-column elementor-col-50 elementor-top-column elementor-element elementor-element-27e64768 jltma-glass-effect-no\" data-id=\"27e64768\" data-element_type=\"column\">\n\t\t\t<div class=\"elementor-widget-wrap elementor-element-populated\">\n\t\t\t\t\t\t\t\t<div class=\"elementor-element elementor-element-11b12aa3 jltma-glass-effect-no elementor-invisible elementor-widget elementor-widget-heading\" data-id=\"11b12aa3\" data-element_type=\"widget\" data-settings=\"{&quot;_animation&quot;:&quot;fadeInRight&quot;}\" data-widget_type=\"heading.default\">\n\t\t\t\t<div class=\"elementor-widget-container\">\n\t\t\t<h2 class=\"elementor-heading-title elementor-size-default\">Ab\u0142a\u017cewicz &amp; Imieli\u0144ski \nKancelaria adwokacka<\/h2>\t\t<\/div>\n\t\t\t\t<\/div>\n\t\t\t\t<div class=\"elementor-element elementor-element-4837188a jltma-glass-effect-no elementor-widget elementor-widget-spacer\" data-id=\"4837188a\" data-element_type=\"widget\" data-widget_type=\"spacer.default\">\n\t\t\t\t<div class=\"elementor-widget-container\">\n\t\t\t\t\t<div class=\"elementor-spacer\">\n\t\t\t<div class=\"elementor-spacer-inner\"><\/div>\n\t\t<\/div>\n\t\t\t\t<\/div>\n\t\t\t\t<\/div>\n\t\t\t\t<div class=\"elementor-element elementor-element-3dc98bf6 elementor-icon-list--layout-traditional elementor-list-item-link-full_width jltma-glass-effect-no elementor-widget elementor-widget-icon-list\" data-id=\"3dc98bf6\" data-element_type=\"widget\" data-widget_type=\"icon-list.default\">\n\t\t\t\t<div class=\"elementor-widget-container\">\n\t\t\t\t\t<ul class=\"elementor-icon-list-items\">\n\t\t\t\t\t\t\t<li class=\"elementor-icon-list-item\">\n\t\t\t\t\t\t\t\t\t\t\t<span class=\"elementor-icon-list-icon\">\n\t\t\t\t\t\t\t<i aria-hidden=\"true\" class=\"fas fa-phone-volume\"><\/i>\t\t\t\t\t\t<\/span>\n\t\t\t\t\t\t\t\t\t\t<span class=\"elementor-icon-list-text\">(32) 708 25 24<\/span>\n\t\t\t\t\t\t\t\t\t<\/li>\n\t\t\t\t\t\t\t\t<li class=\"elementor-icon-list-item\">\n\t\t\t\t\t\t\t\t\t\t\t<span class=\"elementor-icon-list-icon\">\n\t\t\t\t\t\t\t<i aria-hidden=\"true\" class=\"fas fa-fax\"><\/i>\t\t\t\t\t\t<\/span>\n\t\t\t\t\t\t\t\t\t\t<span class=\"elementor-icon-list-text\">fax (32) 708 23 52<\/span>\n\t\t\t\t\t\t\t\t\t<\/li>\n\t\t\t\t\t\t\t\t<li class=\"elementor-icon-list-item\">\n\t\t\t\t\t\t\t\t\t\t\t<span class=\"elementor-icon-list-icon\">\n\t\t\t\t\t\t\t<i aria-hidden=\"true\" class=\"fas fa-envelope-open-text\"><\/i>\t\t\t\t\t\t<\/span>\n\t\t\t\t\t\t\t\t\t\t<span class=\"elementor-icon-list-text\">kancelaria@ablazewicz.pl<\/span>\n\t\t\t\t\t\t\t\t\t<\/li>\n\t\t\t\t\t\t\t\t<li class=\"elementor-icon-list-item\">\n\t\t\t\t\t\t\t\t\t\t\t<span class=\"elementor-icon-list-icon\">\n\t\t\t\t\t\t\t<i aria-hidden=\"true\" class=\"fas fa-home\"><\/i>\t\t\t\t\t\t<\/span>\n\t\t\t\t\t\t\t\t\t\t<span class=\"elementor-icon-list-text\">Katowice, ul. Wojew\u00f3dzka 15\/3<\/span>\n\t\t\t\t\t\t\t\t\t<\/li>\n\t\t\t\t\t\t<\/ul>\n\t\t\t\t<\/div>\n\t\t\t\t<\/div>\n\t\t\t\t<div class=\"elementor-element elementor-element-3a70135f jltma-glass-effect-no elementor-widget elementor-widget-spacer\" data-id=\"3a70135f\" data-element_type=\"widget\" data-widget_type=\"spacer.default\">\n\t\t\t\t<div class=\"elementor-widget-container\">\n\t\t\t\t\t<div class=\"elementor-spacer\">\n\t\t\t<div class=\"elementor-spacer-inner\"><\/div>\n\t\t<\/div>\n\t\t\t\t<\/div>\n\t\t\t\t<\/div>\n\t\t\t\t<div class=\"elementor-element elementor-element-41822ac9 elementor-icon-list--layout-traditional elementor-list-item-link-full_width jltma-glass-effect-no elementor-widget elementor-widget-icon-list\" data-id=\"41822ac9\" data-element_type=\"widget\" data-widget_type=\"icon-list.default\">\n\t\t\t\t<div class=\"elementor-widget-container\">\n\t\t\t\t\t<ul class=\"elementor-icon-list-items\">\n\t\t\t\t\t\t\t<li class=\"elementor-icon-list-item\">\n\t\t\t\t\t\t\t\t\t\t\t<span class=\"elementor-icon-list-icon\">\n\t\t\t\t\t\t\t<i aria-hidden=\"true\" class=\"fas fa-bullhorn\"><\/i>\t\t\t\t\t\t<\/span>\n\t\t\t\t\t\t\t\t\t\t<span class=\"elementor-icon-list-text\">Telefon alarmowy (24h) 508 432 180<\/span>\n\t\t\t\t\t\t\t\t\t<\/li>\n\t\t\t\t\t\t<\/ul>\n\t\t\t\t<\/div>\n\t\t\t\t<\/div>\n\t\t\t\t\t<\/div>\n\t\t<\/div>\n\t\t\t\t<div class=\"has_ma_el_bg_slider elementor-column elementor-col-50 elementor-top-column elementor-element elementor-element-6e8f9658 jltma-glass-effect-no\" data-id=\"6e8f9658\" data-element_type=\"column\">\n\t\t\t<div class=\"elementor-widget-wrap elementor-element-populated\">\n\t\t\t\t\t\t\t\t<div class=\"elementor-element elementor-element-300e0e4c jltma-glass-effect-no elementor-widget elementor-widget-google_maps\" data-id=\"300e0e4c\" data-element_type=\"widget\" data-widget_type=\"google_maps.default\">\n\t\t\t\t<div class=\"elementor-widget-container\">\n\t\t\t\t\t<div class=\"elementor-custom-embed\">\n\t\t\t<iframe loading=\"lazy\"\n\t\t\t\t\tsrc=\"https:\/\/maps.google.com\/maps?q=Wojew%C3%B3dzka%2015%20Wojew%C3%B3dzka%2015%2C%2040-026%20Katowice&#038;t=m&#038;z=15&#038;output=embed&#038;iwloc=near\"\n\t\t\t\t\ttitle=\"Wojew\u00f3dzka 15 Wojew\u00f3dzka 15, 40-026 Katowice\"\n\t\t\t\t\taria-label=\"Wojew\u00f3dzka 15 Wojew\u00f3dzka 15, 40-026 Katowice\"\n\t\t\t><\/iframe>\n\t\t<\/div>\n\t\t\t\t<\/div>\n\t\t\t\t<\/div>\n\t\t\t\t\t<\/div>\n\t\t<\/div>\n\t\t\t\t\t\t\t<\/div>\n\t\t<\/section>\n\t\t\t\t\t\t\t<\/div>\n\t\t","protected":false},"excerpt":{"rendered":"<p>prawo medyczne prawo medyczne Kancelaria Ab\u0142a\u017cewicz &amp; Imieli\u0144ski oferuje popart\u0105 bogatym do\u015bwiadczeniem pomoc prawn\u0105 w zakresie prawa medycznego, w tym m.in.: profesjonalna obs\u0142uga prawna podmiot\u00f3w wykonuj\u0105cych dzia\u0142alno\u015b\u0107 lecznicz\u0105; reprezentacja w sprawach o odszkodowania za b\u0142\u0119dy medyczne; reprezentacja w sprawach o zado\u015b\u0107uczynienie za naruszenie praw pacjenta; reprezentacja w post\u0119powaniach dotycz\u0105cych odpowiedzialno\u015bci zawodowej lekarzy, lekarzy dentyst\u00f3w i lekarzy weterynarii; reprezentacja w post\u0119powaniach dotycz\u0105cych odpowiedzialno\u015bci cywilnej lekarzy, lekarzy dentyst\u00f3w i lekarzy weterynarii; reprezentacja w post\u0119powaniach dotycz\u0105cych odpowiedzialno\u015bci karnej lekarzy, lekarzy dentyst\u00f3w i lekarzy weterynarii; Ab\u0142a\u017cewicz &amp; Imieli\u0144ski Kancelaria adwokacka (32) 708 25 24 fax (32) 708 23 52 kancelaria@ablazewicz.pl Katowice, ul. Wojew\u00f3dzka 15\/3 Telefon alarmowy (24h) 508 432 180<\/p>\n","protected":false},"author":1,"featured_media":0,"parent":246,"menu_order":8,"comment_status":"closed","ping_status":"closed","template":"elementor_header_footer","meta":{"footnotes":""},"_links":{"self":[{"href":"https:\/\/www.ablazewicz.pl\/index.php\/wp-json\/wp\/v2\/pages\/385"}],"collection":[{"href":"https:\/\/www.ablazewicz.pl\/index.php\/wp-json\/wp\/v2\/pages"}],"about":[{"href":"https:\/\/www.ablazewicz.pl\/index.php\/wp-json\/wp\/v2\/types\/page"}],"author":[{"embeddable":true,"href":"https:\/\/www.ablazewicz.pl\/index.php\/wp-json\/wp\/v2\/users\/1"}],"replies":[{"embeddable":true,"href":"https:\/\/www.ablazewicz.pl\/index.php\/wp-json\/wp\/v2\/comments?post=385"}],"version-history":[{"count":16,"href":"https:\/\/www.ablazewicz.pl\/index.php\/wp-json\/wp\/v2\/pages\/385\/revisions"}],"predecessor-version":[{"id":639,"href":"https:\/\/www.ablazewicz.pl\/index.php\/wp-json\/wp\/v2\/pages\/385\/revisions\/639"}],"up":[{"embeddable":true,"href":"https:\/\/www.ablazewicz.pl\/index.php\/wp-json\/wp\/v2\/pages\/246"}],"wp:attachment":[{"href":"https:\/\/www.ablazewicz.pl\/index.php\/wp-json\/wp\/v2\/media?parent=385"}],"curies":[{"name":"wp","href":"https:\/\/api.w.org\/{rel}","templated":true}]}}