{"id":380,"date":"2021-04-09T09:40:29","date_gmt":"2021-04-09T09:40:29","guid":{"rendered":"https:\/\/www.ablazewicz.pl\/?page_id=380"},"modified":"2021-04-27T21:25:30","modified_gmt":"2021-04-27T21:25:30","slug":"prawo-cywilne","status":"publish","type":"page","link":"https:\/\/www.ablazewicz.pl\/index.php\/specjalizacje\/prawo-cywilne\/","title":{"rendered":"prawo cywilne"},"content":{"rendered":"\t\t<div data-elementor-type=\"wp-page\" data-elementor-id=\"380\" class=\"elementor elementor-380\">\n\t\t\t\t\t\t\t\t\t<section class=\"has_ma_el_bg_slider elementor-section elementor-top-section elementor-element elementor-element-57fb3e95 elementor-section-full_width elementor-section-height-default elementor-section-height-default jltma-glass-effect-no elementor-invisible\" data-id=\"57fb3e95\" data-element_type=\"section\" data-settings=\"{&quot;animation&quot;:&quot;fadeInRight&quot;}\">\n\t\t\t\t\t\t<div class=\"elementor-container elementor-column-gap-default\">\n\t\t\t\t\t<div class=\"has_ma_el_bg_slider elementor-column elementor-col-66 elementor-top-column elementor-element elementor-element-6185aa22 jltma-glass-effect-no\" data-id=\"6185aa22\" data-element_type=\"column\">\n\t\t\t<div class=\"elementor-widget-wrap elementor-element-populated\">\n\t\t\t\t\t\t\t\t<div class=\"elementor-element elementor-element-0b948c1 elementor-hidden-tablet elementor-hidden-phone jltma-glass-effect-no elementor-widget elementor-widget-wp-widget-bcn_widget\" data-id=\"0b948c1\" data-element_type=\"widget\" data-widget_type=\"wp-widget-bcn_widget.default\">\n\t\t\t\t<div class=\"elementor-widget-container\">\n\t\t\t<div class=\"breadcrumbs\" vocab=\"https:\/\/schema.org\/\" typeof=\"BreadcrumbList\"><!-- Breadcrumb NavXT 7.2.0 -->\n<span property=\"itemListElement\" typeof=\"ListItem\"><a property=\"item\" typeof=\"WebPage\" title=\"Przejd\u017a do Kancelaria Ab\u0142a\u017cewicz.\" href=\"https:\/\/www.ablazewicz.pl\" class=\"home\" aria-current=\"page\"><span property=\"name\">Kancelaria Ab\u0142a\u017cewicz<\/span><\/a><meta property=\"position\" content=\"1\"><\/span><\/div>\t\t<\/div>\n\t\t\t\t<\/div>\n\t\t\t\t<div class=\"elementor-element elementor-element-87135f7 elementor-hidden-desktop jltma-glass-effect-no elementor-widget elementor-widget-heading\" data-id=\"87135f7\" data-element_type=\"widget\" data-widget_type=\"heading.default\">\n\t\t\t\t<div class=\"elementor-widget-container\">\n\t\t\t<h2 class=\"elementor-heading-title elementor-size-default\">prawo cywilne<\/h2>\t\t<\/div>\n\t\t\t\t<\/div>\n\t\t\t\t<div class=\"elementor-element elementor-element-6aa203a9 elementor-hidden-tablet elementor-hidden-phone jltma-glass-effect-no elementor-widget elementor-widget-spacer\" data-id=\"6aa203a9\" data-element_type=\"widget\" data-widget_type=\"spacer.default\">\n\t\t\t\t<div class=\"elementor-widget-container\">\n\t\t\t\t\t<div class=\"elementor-spacer\">\n\t\t\t<div class=\"elementor-spacer-inner\"><\/div>\n\t\t<\/div>\n\t\t\t\t<\/div>\n\t\t\t\t<\/div>\n\t\t\t\t<div class=\"elementor-element elementor-element-1293ba79 elementor-hidden-tablet elementor-hidden-phone jltma-glass-effect-no elementor-widget elementor-widget-heading\" data-id=\"1293ba79\" data-element_type=\"widget\" data-widget_type=\"heading.default\">\n\t\t\t\t<div class=\"elementor-widget-container\">\n\t\t\t<h2 class=\"elementor-heading-title elementor-size-default\">prawo cywilne<\/h2>\t\t<\/div>\n\t\t\t\t<\/div>\n\t\t\t\t\t<\/div>\n\t\t<\/div>\n\t\t\t\t<div class=\"has_ma_el_bg_slider elementor-column elementor-col-33 elementor-top-column elementor-element elementor-element-54a6fb0b jltma-glass-effect-no\" data-id=\"54a6fb0b\" data-element_type=\"column\">\n\t\t\t<div class=\"elementor-widget-wrap elementor-element-populated\">\n\t\t\t\t\t\t\t\t<div class=\"elementor-element elementor-element-3c776977 jltma-glass-effect-no elementor-widget elementor-widget-image\" data-id=\"3c776977\" data-element_type=\"widget\" data-widget_type=\"image.default\">\n\t\t\t\t<div class=\"elementor-widget-container\">\n\t\t\t\t\t\t\t\t\t\t\t\t\t\t\t<img decoding=\"async\" loading=\"lazy\" width=\"731\" height=\"638\" src=\"https:\/\/www.ablazewicz.pl\/wp-content\/uploads\/2021\/04\/podstrona.jpg\" class=\"attachment-large size-large wp-image-275\" alt=\"\" srcset=\"https:\/\/www.ablazewicz.pl\/wp-content\/uploads\/2021\/04\/podstrona.jpg 731w, https:\/\/www.ablazewicz.pl\/wp-content\/uploads\/2021\/04\/podstrona-300x262.jpg 300w\" sizes=\"(max-width: 731px) 100vw, 731px\" \/>\t\t\t\t\t\t\t\t\t\t\t\t\t\t\t<\/div>\n\t\t\t\t<\/div>\n\t\t\t\t\t<\/div>\n\t\t<\/div>\n\t\t\t\t\t\t\t<\/div>\n\t\t<\/section>\n\t\t\t\t<section class=\"has_ma_el_bg_slider elementor-section elementor-top-section elementor-element elementor-element-5043f49e elementor-section-boxed elementor-section-height-default elementor-section-height-default jltma-glass-effect-no elementor-invisible\" data-id=\"5043f49e\" data-element_type=\"section\" data-settings=\"{&quot;animation&quot;:&quot;fadeInDown&quot;}\">\n\t\t\t\t\t\t<div class=\"elementor-container elementor-column-gap-default\">\n\t\t\t\t\t<div class=\"has_ma_el_bg_slider elementor-column elementor-col-100 elementor-top-column elementor-element elementor-element-3b6a923 jltma-glass-effect-no\" data-id=\"3b6a923\" data-element_type=\"column\">\n\t\t\t<div class=\"elementor-widget-wrap elementor-element-populated\">\n\t\t\t\t\t\t\t\t<div class=\"elementor-element elementor-element-7fa6eb5a jltma-glass-effect-no elementor-widget elementor-widget-text-editor\" data-id=\"7fa6eb5a\" data-element_type=\"widget\" data-widget_type=\"text-editor.default\">\n\t\t\t\t<div class=\"elementor-widget-container\">\n\t\t\t\t\t\t\t<h4>Zesp\u00f3\u0142 specjalist\u00f3w z zakresu prawa cywilnego Kancelarii Ab\u0142a\u017cewicz &amp; Imieli\u0144ski s\u0142u\u017cy Pa\u0144stwu pomoc\u0105 we wszelkich sprawach cywilnych, w tym m.in.:<\/h4><ul><li>reprezentacja w sprawach o zap\u0142at\u0119 (windykacyjne);<\/li><li>reprezentacja w sprawach o odszkodowania oraz zado\u015b\u0107uczynienia od ubezpieczycieli (wypadki komunikacyjne, b\u0142\u0119dy medyczne, odszkodowania z ubezpiecze\u0144 maj\u0105tkowych);<\/li><li>reprezentacja w sprawach o odszkodowania z tytu\u0142u naruszenia d\u00f3br osobistych;<\/li><li>reprezentacja w sprawach roszcze\u0144 dotycz\u0105cych prawa autorskiego;<\/li><li>reprezentacja w sprawach spadkowych (stwierdzenie nabycia spadku, dzia\u0142 spadku, zachowek i ochrona spadkobiercy, przyj\u0119cie i odrzucenie spadku, testamenty, umowy dotycz\u0105ce spadku);<\/li><li>reprezentacja w sprawach dotycz\u0105cych nieruchomo\u015bci (nabycie prawa w\u0142asno\u015bci, zasiedzenie, ochrona w\u0142asno\u015bci i posiadania, ustanowienie drogi koniecznej, zniesienie wsp\u00f3\u0142w\u0142asno\u015bci, u\u017cytkowanie, s\u0142u\u017cebno\u015bci, prawo mieszkaniowe, obr\u00f3t nieruchomo\u015bciami \/ umowy z deweloperami);<\/li><li>reprezentacja w sprawach dotycz\u0105cych reprywatyzacji (roszczenia dotycz\u0105ce tzw. nieruchomo\u015bci warszawskich, rekompensaty z tytu\u0142u tzw. mienia zabu\u017ca\u0144skiego, odszkodowania z tytu\u0142u wyw\u0142aszczenia nieruchomo\u015bci);<\/li><li>reprezentacja w post\u0119powaniach egzekucyjnych (sk\u0142adanie wniosk\u00f3w oraz reprezentacja przed organami egzekucyjnymi);<\/li><\/ul>\t\t\t\t\t\t<\/div>\n\t\t\t\t<\/div>\n\t\t\t\t\t<\/div>\n\t\t<\/div>\n\t\t\t\t\t\t\t<\/div>\n\t\t<\/section>\n\t\t\t\t<section class=\"has_ma_el_bg_slider elementor-section elementor-top-section elementor-element elementor-element-2123d9ac elementor-section-boxed elementor-section-height-default elementor-section-height-default jltma-glass-effect-no elementor-invisible\" data-id=\"2123d9ac\" data-element_type=\"section\" data-settings=\"{&quot;animation&quot;:&quot;fadeInLeft&quot;}\">\n\t\t\t\t\t\t<div class=\"elementor-container elementor-column-gap-default\">\n\t\t\t\t\t<div class=\"has_ma_el_bg_slider elementor-column elementor-col-50 elementor-top-column elementor-element elementor-element-1a3f7723 jltma-glass-effect-no\" data-id=\"1a3f7723\" data-element_type=\"column\">\n\t\t\t<div class=\"elementor-widget-wrap elementor-element-populated\">\n\t\t\t\t\t\t\t\t<div class=\"elementor-element elementor-element-57c34a5a jltma-glass-effect-no elementor-invisible elementor-widget elementor-widget-heading\" data-id=\"57c34a5a\" data-element_type=\"widget\" data-settings=\"{&quot;_animation&quot;:&quot;fadeInRight&quot;}\" data-widget_type=\"heading.default\">\n\t\t\t\t<div class=\"elementor-widget-container\">\n\t\t\t<h2 class=\"elementor-heading-title elementor-size-default\">Ab\u0142a\u017cewicz &amp; Imieli\u0144ski \nKancelaria adwokacka<\/h2>\t\t<\/div>\n\t\t\t\t<\/div>\n\t\t\t\t<div class=\"elementor-element elementor-element-42749569 jltma-glass-effect-no elementor-widget elementor-widget-spacer\" data-id=\"42749569\" data-element_type=\"widget\" data-widget_type=\"spacer.default\">\n\t\t\t\t<div class=\"elementor-widget-container\">\n\t\t\t\t\t<div class=\"elementor-spacer\">\n\t\t\t<div class=\"elementor-spacer-inner\"><\/div>\n\t\t<\/div>\n\t\t\t\t<\/div>\n\t\t\t\t<\/div>\n\t\t\t\t<div class=\"elementor-element elementor-element-365f6f14 elementor-icon-list--layout-traditional elementor-list-item-link-full_width jltma-glass-effect-no elementor-widget elementor-widget-icon-list\" data-id=\"365f6f14\" data-element_type=\"widget\" data-widget_type=\"icon-list.default\">\n\t\t\t\t<div class=\"elementor-widget-container\">\n\t\t\t\t\t<ul class=\"elementor-icon-list-items\">\n\t\t\t\t\t\t\t<li class=\"elementor-icon-list-item\">\n\t\t\t\t\t\t\t\t\t\t\t<span class=\"elementor-icon-list-icon\">\n\t\t\t\t\t\t\t<i aria-hidden=\"true\" class=\"fas fa-phone-volume\"><\/i>\t\t\t\t\t\t<\/span>\n\t\t\t\t\t\t\t\t\t\t<span class=\"elementor-icon-list-text\">(32) 708 25 24<\/span>\n\t\t\t\t\t\t\t\t\t<\/li>\n\t\t\t\t\t\t\t\t<li class=\"elementor-icon-list-item\">\n\t\t\t\t\t\t\t\t\t\t\t<span class=\"elementor-icon-list-icon\">\n\t\t\t\t\t\t\t<i aria-hidden=\"true\" class=\"fas fa-fax\"><\/i>\t\t\t\t\t\t<\/span>\n\t\t\t\t\t\t\t\t\t\t<span class=\"elementor-icon-list-text\">fax (32) 708 23 52<\/span>\n\t\t\t\t\t\t\t\t\t<\/li>\n\t\t\t\t\t\t\t\t<li class=\"elementor-icon-list-item\">\n\t\t\t\t\t\t\t\t\t\t\t<span class=\"elementor-icon-list-icon\">\n\t\t\t\t\t\t\t<i aria-hidden=\"true\" class=\"fas fa-envelope-open-text\"><\/i>\t\t\t\t\t\t<\/span>\n\t\t\t\t\t\t\t\t\t\t<span class=\"elementor-icon-list-text\">kancelaria@ablazewicz.pl<\/span>\n\t\t\t\t\t\t\t\t\t<\/li>\n\t\t\t\t\t\t\t\t<li class=\"elementor-icon-list-item\">\n\t\t\t\t\t\t\t\t\t\t\t<span class=\"elementor-icon-list-icon\">\n\t\t\t\t\t\t\t<i aria-hidden=\"true\" class=\"fas fa-home\"><\/i>\t\t\t\t\t\t<\/span>\n\t\t\t\t\t\t\t\t\t\t<span class=\"elementor-icon-list-text\">Katowice, ul. Wojew\u00f3dzka 15\/3<\/span>\n\t\t\t\t\t\t\t\t\t<\/li>\n\t\t\t\t\t\t<\/ul>\n\t\t\t\t<\/div>\n\t\t\t\t<\/div>\n\t\t\t\t<div class=\"elementor-element elementor-element-abd2668 jltma-glass-effect-no elementor-widget elementor-widget-spacer\" data-id=\"abd2668\" data-element_type=\"widget\" data-widget_type=\"spacer.default\">\n\t\t\t\t<div class=\"elementor-widget-container\">\n\t\t\t\t\t<div class=\"elementor-spacer\">\n\t\t\t<div class=\"elementor-spacer-inner\"><\/div>\n\t\t<\/div>\n\t\t\t\t<\/div>\n\t\t\t\t<\/div>\n\t\t\t\t<div class=\"elementor-element elementor-element-14d256da elementor-icon-list--layout-traditional elementor-list-item-link-full_width jltma-glass-effect-no elementor-widget elementor-widget-icon-list\" data-id=\"14d256da\" data-element_type=\"widget\" data-widget_type=\"icon-list.default\">\n\t\t\t\t<div class=\"elementor-widget-container\">\n\t\t\t\t\t<ul class=\"elementor-icon-list-items\">\n\t\t\t\t\t\t\t<li class=\"elementor-icon-list-item\">\n\t\t\t\t\t\t\t\t\t\t\t<span class=\"elementor-icon-list-icon\">\n\t\t\t\t\t\t\t<i aria-hidden=\"true\" class=\"fas fa-bullhorn\"><\/i>\t\t\t\t\t\t<\/span>\n\t\t\t\t\t\t\t\t\t\t<span class=\"elementor-icon-list-text\">Telefon alarmowy (24h) 508 432 180<\/span>\n\t\t\t\t\t\t\t\t\t<\/li>\n\t\t\t\t\t\t<\/ul>\n\t\t\t\t<\/div>\n\t\t\t\t<\/div>\n\t\t\t\t\t<\/div>\n\t\t<\/div>\n\t\t\t\t<div class=\"has_ma_el_bg_slider elementor-column elementor-col-50 elementor-top-column elementor-element elementor-element-4c1fcc6b jltma-glass-effect-no\" data-id=\"4c1fcc6b\" data-element_type=\"column\">\n\t\t\t<div class=\"elementor-widget-wrap elementor-element-populated\">\n\t\t\t\t\t\t\t\t<div class=\"elementor-element elementor-element-46bb74f7 jltma-glass-effect-no elementor-widget elementor-widget-google_maps\" data-id=\"46bb74f7\" data-element_type=\"widget\" data-widget_type=\"google_maps.default\">\n\t\t\t\t<div class=\"elementor-widget-container\">\n\t\t\t\t\t<div class=\"elementor-custom-embed\">\n\t\t\t<iframe loading=\"lazy\"\n\t\t\t\t\tsrc=\"https:\/\/maps.google.com\/maps?q=Wojew%C3%B3dzka%2015%20Wojew%C3%B3dzka%2015%2C%2040-026%20Katowice&#038;t=m&#038;z=15&#038;output=embed&#038;iwloc=near\"\n\t\t\t\t\ttitle=\"Wojew\u00f3dzka 15 Wojew\u00f3dzka 15, 40-026 Katowice\"\n\t\t\t\t\taria-label=\"Wojew\u00f3dzka 15 Wojew\u00f3dzka 15, 40-026 Katowice\"\n\t\t\t><\/iframe>\n\t\t<\/div>\n\t\t\t\t<\/div>\n\t\t\t\t<\/div>\n\t\t\t\t\t<\/div>\n\t\t<\/div>\n\t\t\t\t\t\t\t<\/div>\n\t\t<\/section>\n\t\t\t\t\t\t\t<\/div>\n\t\t","protected":false},"excerpt":{"rendered":"<p>prawo cywilne prawo cywilne Zesp\u00f3\u0142 specjalist\u00f3w z zakresu prawa cywilnego Kancelarii Ab\u0142a\u017cewicz &amp; Imieli\u0144ski s\u0142u\u017cy Pa\u0144stwu pomoc\u0105 we wszelkich sprawach cywilnych, w tym m.in.: reprezentacja w sprawach o zap\u0142at\u0119 (windykacyjne); reprezentacja w sprawach o odszkodowania oraz zado\u015b\u0107uczynienia od ubezpieczycieli (wypadki komunikacyjne, b\u0142\u0119dy medyczne, odszkodowania z ubezpiecze\u0144 maj\u0105tkowych); reprezentacja w sprawach o odszkodowania z tytu\u0142u naruszenia d\u00f3br osobistych; reprezentacja w sprawach roszcze\u0144 dotycz\u0105cych prawa autorskiego; reprezentacja w sprawach spadkowych (stwierdzenie nabycia spadku, dzia\u0142 spadku, zachowek i ochrona spadkobiercy, przyj\u0119cie i odrzucenie spadku, testamenty, umowy dotycz\u0105ce spadku); reprezentacja w sprawach dotycz\u0105cych nieruchomo\u015bci (nabycie prawa w\u0142asno\u015bci, zasiedzenie, ochrona w\u0142asno\u015bci i posiadania, ustanowienie drogi koniecznej, zniesienie wsp\u00f3\u0142w\u0142asno\u015bci, u\u017cytkowanie, s\u0142u\u017cebno\u015bci, prawo mieszkaniowe, obr\u00f3t nieruchomo\u015bciami \/ umowy z deweloperami); reprezentacja w sprawach dotycz\u0105cych reprywatyzacji (roszczenia dotycz\u0105ce tzw. nieruchomo\u015bci warszawskich, rekompensaty z tytu\u0142u tzw. mienia zabu\u017ca\u0144skiego, odszkodowania z tytu\u0142u wyw\u0142aszczenia nieruchomo\u015bci); reprezentacja w post\u0119powaniach egzekucyjnych (sk\u0142adanie wniosk\u00f3w oraz reprezentacja przed organami egzekucyjnymi); Ab\u0142a\u017cewicz &amp; Imieli\u0144ski Kancelaria adwokacka&hellip;<\/p>\n<p> <a class=\"more-link\" href=\"https:\/\/www.ablazewicz.pl\/index.php\/specjalizacje\/prawo-cywilne\/\">Czytaj dalej<\/a><\/p>\n","protected":false},"author":1,"featured_media":0,"parent":246,"menu_order":7,"comment_status":"closed","ping_status":"closed","template":"elementor_header_footer","meta":{"footnotes":""},"_links":{"self":[{"href":"https:\/\/www.ablazewicz.pl\/index.php\/wp-json\/wp\/v2\/pages\/380"}],"collection":[{"href":"https:\/\/www.ablazewicz.pl\/index.php\/wp-json\/wp\/v2\/pages"}],"about":[{"href":"https:\/\/www.ablazewicz.pl\/index.php\/wp-json\/wp\/v2\/types\/page"}],"author":[{"embeddable":true,"href":"https:\/\/www.ablazewicz.pl\/index.php\/wp-json\/wp\/v2\/users\/1"}],"replies":[{"embeddable":true,"href":"https:\/\/www.ablazewicz.pl\/index.php\/wp-json\/wp\/v2\/comments?post=380"}],"version-history":[{"count":13,"href":"https:\/\/www.ablazewicz.pl\/index.php\/wp-json\/wp\/v2\/pages\/380\/revisions"}],"predecessor-version":[{"id":636,"href":"https:\/\/www.ablazewicz.pl\/index.php\/wp-json\/wp\/v2\/pages\/380\/revisions\/636"}],"up":[{"embeddable":true,"href":"https:\/\/www.ablazewicz.pl\/index.php\/wp-json\/wp\/v2\/pages\/246"}],"wp:attachment":[{"href":"https:\/\/www.ablazewicz.pl\/index.php\/wp-json\/wp\/v2\/media?parent=380"}],"curies":[{"name":"wp","href":"https:\/\/api.w.org\/{rel}","templated":true}]}}